{"id":30,"date":"2012-12-07T21:28:22","date_gmt":"2012-12-07T20:28:22","guid":{"rendered":"http:\/\/zine-with-no-name.de\/zwnnblog\/?page_id=30"},"modified":"2012-12-08T17:33:41","modified_gmt":"2012-12-08T16:33:41","slug":"gaestebuch","status":"publish","type":"page","link":"https:\/\/zine-with-no-name.de\/zwnnblog\/gaestebuch\/","title":{"rendered":"G\u00c4STEBUCH"},"content":{"rendered":"<p style=\"text-align: center;\"><img loading=\"lazy\" decoding=\"async\" src=\"http:\/\/www.zine-with-no-name.de\/gaestebuch_neuG.gif\" alt=\"\" width=\"311\" height=\"90\" \/><\/p>\n<p style=\"text-align: center;\"><em>Wanderer&#8230;<\/em><\/p>\n<p><em>Nimm&#8216; dir nun etwas Zeit von deinen ruhelosen Reisen durch&#8217;s Netz, setz&#8216; dich nieder und schreibe uns ein paar Zeilen ins G\u00e4stebuch&#8230;<\/em><\/p>\n<p>Die Eintr\u00e4ge des alten G\u00e4stebuchs k\u00f6nnen <a href=\"http:\/\/www.zine-with-no-name.de\/gb412307.html\" target=\"_blank\">HIER<\/a> gelesen werden.<\/p>\n<p align=\"center\"><input onclick=\"history.back()\" type=\"button\" value=\"Hier geht's zur\u00fcck zur Seite, von der aus ihr im G\u00e4stebuch gelandet seid\" \/><\/p>\n<address>\u00a0<\/address>\n","protected":false},"excerpt":{"rendered":"<p>Wanderer&#8230; Nimm&#8216; dir nun etwas Zeit von deinen ruhelosen Reisen durch&#8217;s Netz, setz&#8216; dich nieder und schreibe uns ein paar Zeilen ins G\u00e4stebuch&#8230; Die Eintr\u00e4ge des alten G\u00e4stebuchs k\u00f6nnen HIER gelesen werden. \u00a0<\/p>\n","protected":false},"author":1,"featured_media":0,"parent":0,"menu_order":0,"comment_status":"open","ping_status":"open","template":"","meta":{"footnotes":""},"class_list":["post-30","page","type-page","status-publish","hentry"],"_links":{"self":[{"href":"https:\/\/zine-with-no-name.de\/zwnnblog\/wp-json\/wp\/v2\/pages\/30","targetHints":{"allow":["GET"]}}],"collection":[{"href":"https:\/\/zine-with-no-name.de\/zwnnblog\/wp-json\/wp\/v2\/pages"}],"about":[{"href":"https:\/\/zine-with-no-name.de\/zwnnblog\/wp-json\/wp\/v2\/types\/page"}],"author":[{"embeddable":true,"href":"https:\/\/zine-with-no-name.de\/zwnnblog\/wp-json\/wp\/v2\/users\/1"}],"replies":[{"embeddable":true,"href":"https:\/\/zine-with-no-name.de\/zwnnblog\/wp-json\/wp\/v2\/comments?post=30"}],"version-history":[{"count":8,"href":"https:\/\/zine-with-no-name.de\/zwnnblog\/wp-json\/wp\/v2\/pages\/30\/revisions"}],"predecessor-version":[{"id":45,"href":"https:\/\/zine-with-no-name.de\/zwnnblog\/wp-json\/wp\/v2\/pages\/30\/revisions\/45"}],"wp:attachment":[{"href":"https:\/\/zine-with-no-name.de\/zwnnblog\/wp-json\/wp\/v2\/media?parent=30"}],"curies":[{"name":"wp","href":"https:\/\/api.w.org\/{rel}","templated":true}]}}