{"id":36,"date":"2012-12-07T21:46:48","date_gmt":"2012-12-07T20:46:48","guid":{"rendered":"http:\/\/zine-with-no-name.de\/zwnnblog\/?page_id=36"},"modified":"2020-10-10T22:27:57","modified_gmt":"2020-10-10T20:27:57","slug":"about","status":"publish","type":"page","link":"https:\/\/zine-with-no-name.de\/zwnnblog\/about\/","title":{"rendered":"ABOUT"},"content":{"rendered":"<p><img loading=\"lazy\" decoding=\"async\" src=\"http:\/\/www.zine-with-no-name.de\/bilder\/Schreiberling.GIF\" alt=\"\" width=\"222\" height=\"211\" align=\"right\"> Hm, diese Seiten nennen sich zwar Blog, sind aber eigentlich kein eigenst\u00e4ndiges Blog, sondern eine Unterabteilung des Online-Fanzines <strong><a title=\"zine with no name\" href=\"http:\/\/www.zine-with-no-name.de\/inhalt.html\">zine with no name<\/a><\/strong>, die schlicht dazu dienen soll, Lesern die M\u00f6glichkeit zu geben, mit uns in Kontakt zu treten. Dies ist auf zweierlei Weise durch Auswahl der Rubriken auf der oberen Navigationleiste m\u00f6glich.<br \/>\nUnter &#8222;<em>Kommentare zu Artikeln<\/em>&#8220; k\u00f6nnt ihr uns zu ausgew\u00e4hlten Artikeln eure Meinung sagen. Auf diese Blog-Eintr\u00e4ge verweisen auch die jeweiligen Artikel im ZWNN.<br \/>\nIm &#8222;<em>G\u00e4stebuch<\/em>&#8220; k\u00f6nnt ihr allgemein Kritik, Lob, Anmerkungen etc. an uns hinterlassen. Eine mail-Adresse mu\u00df dabei angegeben werden, wird aber nicht ver\u00f6ffentlicht, und ihr kommt auch nicht auf einen Verteiler f\u00fcr Massenmails.<br \/>\nJedoch gibt es auch eine Artikel, die gleich direkt hier im Blog erscheinen, weil&#8230;, ja weil&#8217;s schneller geht und auch irgendwie die nicht abgeschlossene Entwicklung vom handgeschnitzen HTML mit CSS zu WordPress dokumentiert.<\/p>\n<p><em>&#8211; Martin <\/em>&#8211;<\/p>\n","protected":false},"excerpt":{"rendered":"<p>Hm, diese Seiten nennen sich zwar Blog, sind aber eigentlich kein eigenst\u00e4ndiges Blog, sondern eine Unterabteilung des Online-Fanzines zine with no name, die schlicht dazu dienen soll, Lesern die M\u00f6glichkeit zu geben, mit uns in Kontakt zu treten. Dies ist auf zweierlei Weise durch Auswahl der Rubriken auf der oberen<\/p>\n","protected":false},"author":1,"featured_media":0,"parent":0,"menu_order":0,"comment_status":"closed","ping_status":"closed","template":"","meta":{"footnotes":""},"class_list":["post-36","page","type-page","status-publish","hentry"],"_links":{"self":[{"href":"https:\/\/zine-with-no-name.de\/zwnnblog\/wp-json\/wp\/v2\/pages\/36","targetHints":{"allow":["GET"]}}],"collection":[{"href":"https:\/\/zine-with-no-name.de\/zwnnblog\/wp-json\/wp\/v2\/pages"}],"about":[{"href":"https:\/\/zine-with-no-name.de\/zwnnblog\/wp-json\/wp\/v2\/types\/page"}],"author":[{"embeddable":true,"href":"https:\/\/zine-with-no-name.de\/zwnnblog\/wp-json\/wp\/v2\/users\/1"}],"replies":[{"embeddable":true,"href":"https:\/\/zine-with-no-name.de\/zwnnblog\/wp-json\/wp\/v2\/comments?post=36"}],"version-history":[{"count":12,"href":"https:\/\/zine-with-no-name.de\/zwnnblog\/wp-json\/wp\/v2\/pages\/36\/revisions"}],"predecessor-version":[{"id":1078,"href":"https:\/\/zine-with-no-name.de\/zwnnblog\/wp-json\/wp\/v2\/pages\/36\/revisions\/1078"}],"wp:attachment":[{"href":"https:\/\/zine-with-no-name.de\/zwnnblog\/wp-json\/wp\/v2\/media?parent=36"}],"curies":[{"name":"wp","href":"https:\/\/api.w.org\/{rel}","templated":true}]}}